{"id":2820,"date":"2023-03-27T08:56:58","date_gmt":"2023-03-27T13:56:58","guid":{"rendered":"https:\/\/cam.camaramaritima.org.pa\/?page_id=2820"},"modified":"2023-03-27T15:07:56","modified_gmt":"2023-03-27T20:07:56","slug":"presentaciones-cam-2023","status":"publish","type":"page","link":"https:\/\/cam.camaramaritima.org.pa\/en\/presentaciones-cam-2023\/","title":{"rendered":"Presentaciones CAM 2023"},"content":{"rendered":"<div data-elementor-type=\"wp-page\" data-elementor-id=\"2820\" class=\"elementor elementor-2820\">\n\t\t\t\t\t\t<section class=\"has_eae_slider elementor-section elementor-top-section elementor-element elementor-element-5c13f93 elementor-section-boxed elementor-section-height-default elementor-section-height-default\" data-eae-slider=\"72199\" data-id=\"5c13f93\" data-element_type=\"section\">\n\t\t\t\t\t\t<div class=\"elementor-container elementor-column-gap-default\">\n\t\t\t\t\t<div class=\"has_eae_slider elementor-column elementor-col-100 elementor-top-column elementor-element elementor-element-c138748\" data-eae-slider=\"86199\" data-id=\"c138748\" data-element_type=\"column\">\n\t\t\t<div class=\"elementor-widget-wrap elementor-element-populated\">\n\t\t\t\t\t\t<div class=\"elementor-element elementor-element-e76d869 elementor-widget elementor-widget-elementskit-heading\" data-id=\"e76d869\" data-element_type=\"widget\" data-widget_type=\"elementskit-heading.default\">\n\t\t\t\t<div class=\"elementor-widget-container\">\n\t\t\t\t\t<div class=\"ekit-wid-con\" ><div class=\"ekit-heading elementskit-section-title-wraper text_center   ekit_heading_tablet-   ekit_heading_mobile-\"><h2 class=\"ekit-heading--title elementskit-section-title text_fill\"><span><span>Presentaciones CAM 2023<\/span><\/span><\/h2><\/div><\/div>\t\t\t\t<\/div>\n\t\t\t\t<\/div>\n\t\t\t\t\t<\/div>\n\t\t<\/div>\n\t\t\t\t\t<\/div>\n\t\t<\/section>\n\t\t\t\t<section class=\"has_eae_slider elementor-section elementor-top-section elementor-element elementor-element-8c04546 elementor-section-boxed elementor-section-height-default elementor-section-height-default\" data-eae-slider=\"98017\" data-id=\"8c04546\" data-element_type=\"section\">\n\t\t\t\t\t\t<div class=\"elementor-container elementor-column-gap-default\">\n\t\t\t\t\t<div class=\"has_eae_slider elementor-column elementor-col-25 elementor-top-column elementor-element elementor-element-f602919\" data-eae-slider=\"13925\" data-id=\"f602919\" data-element_type=\"column\">\n\t\t\t<div class=\"elementor-widget-wrap elementor-element-populated\">\n\t\t\t\t\t\t<div class=\"elementor-element elementor-element-d7053cb elementor-widget elementor-widget-video\" data-id=\"d7053cb\" data-element_type=\"widget\" data-settings=\"{&quot;youtube_url&quot;:&quot;https:\\\/\\\/www.youtube.com\\\/watch?v=oNKN0v1Y6hc&amp;t=19s&quot;,&quot;video_type&quot;:&quot;youtube&quot;,&quot;controls&quot;:&quot;yes&quot;}\" data-widget_type=\"video.default\">\n\t\t\t\t<div class=\"elementor-widget-container\">\n\t\t\t\t\t\t\t<div class=\"elementor-wrapper elementor-open-inline\">\n\t\t\t<div class=\"elementor-video\"><\/div>\t\t<\/div>\n\t\t\t\t\t\t<\/div>\n\t\t\t\t<\/div>\n\t\t\t\t\t<\/div>\n\t\t<\/div>\n\t\t\t\t<div class=\"has_eae_slider elementor-column elementor-col-25 elementor-top-column elementor-element elementor-element-f8d9321\" data-eae-slider=\"97079\" data-id=\"f8d9321\" data-element_type=\"column\">\n\t\t\t<div class=\"elementor-widget-wrap elementor-element-populated\">\n\t\t\t\t\t\t<div class=\"elementor-element elementor-element-277a03d elementor-widget elementor-widget-video\" data-id=\"277a03d\" data-element_type=\"widget\" data-settings=\"{&quot;youtube_url&quot;:&quot;https:\\\/\\\/www.youtube.com\\\/watch?v=NhGe3uwOD1k&quot;,&quot;video_type&quot;:&quot;youtube&quot;,&quot;controls&quot;:&quot;yes&quot;}\" data-widget_type=\"video.default\">\n\t\t\t\t<div class=\"elementor-widget-container\">\n\t\t\t\t\t\t\t<div class=\"elementor-wrapper elementor-open-inline\">\n\t\t\t<div class=\"elementor-video\"><\/div>\t\t<\/div>\n\t\t\t\t\t\t<\/div>\n\t\t\t\t<\/div>\n\t\t\t\t\t<\/div>\n\t\t<\/div>\n\t\t\t\t<div class=\"has_eae_slider elementor-column elementor-col-25 elementor-top-column elementor-element elementor-element-6f85122\" data-eae-slider=\"30011\" data-id=\"6f85122\" data-element_type=\"column\">\n\t\t\t<div class=\"elementor-widget-wrap elementor-element-populated\">\n\t\t\t\t\t\t<div class=\"elementor-element elementor-element-80cff8b elementor-widget elementor-widget-video\" data-id=\"80cff8b\" data-element_type=\"widget\" data-settings=\"{&quot;youtube_url&quot;:&quot;https:\\\/\\\/www.youtube.com\\\/watch?v=qSKjaYKe40I&amp;t=156s&quot;,&quot;video_type&quot;:&quot;youtube&quot;,&quot;controls&quot;:&quot;yes&quot;}\" data-widget_type=\"video.default\">\n\t\t\t\t<div class=\"elementor-widget-container\">\n\t\t\t\t\t\t\t<div class=\"elementor-wrapper elementor-open-inline\">\n\t\t\t<div class=\"elementor-video\"><\/div>\t\t<\/div>\n\t\t\t\t\t\t<\/div>\n\t\t\t\t<\/div>\n\t\t\t\t\t<\/div>\n\t\t<\/div>\n\t\t\t\t<div class=\"has_eae_slider elementor-column elementor-col-25 elementor-top-column elementor-element elementor-element-ea1e5b2\" data-eae-slider=\"6834\" data-id=\"ea1e5b2\" data-element_type=\"column\">\n\t\t\t<div class=\"elementor-widget-wrap elementor-element-populated\">\n\t\t\t\t\t\t<div class=\"elementor-element elementor-element-8507156 elementor-widget elementor-widget-video\" data-id=\"8507156\" data-element_type=\"widget\" data-settings=\"{&quot;youtube_url&quot;:&quot;https:\\\/\\\/www.youtube.com\\\/watch?v=-sosE53hfMM&quot;,&quot;video_type&quot;:&quot;youtube&quot;,&quot;controls&quot;:&quot;yes&quot;}\" data-widget_type=\"video.default\">\n\t\t\t\t<div class=\"elementor-widget-container\">\n\t\t\t\t\t\t\t<div class=\"elementor-wrapper elementor-open-inline\">\n\t\t\t<div class=\"elementor-video\"><\/div>\t\t<\/div>\n\t\t\t\t\t\t<\/div>\n\t\t\t\t<\/div>\n\t\t\t\t\t<\/div>\n\t\t<\/div>\n\t\t\t\t\t<\/div>\n\t\t<\/section>\n\t\t\t\t<section class=\"has_eae_slider elementor-section elementor-top-section elementor-element elementor-element-16cdf22 elementor-section-boxed elementor-section-height-default elementor-section-height-default\" data-eae-slider=\"69842\" data-id=\"16cdf22\" data-element_type=\"section\">\n\t\t\t\t\t\t<div class=\"elementor-container elementor-column-gap-default\">\n\t\t\t\t\t<div class=\"has_eae_slider elementor-column elementor-col-25 elementor-top-column elementor-element elementor-element-348b1f7\" data-eae-slider=\"42470\" data-id=\"348b1f7\" data-element_type=\"column\">\n\t\t\t<div class=\"elementor-widget-wrap elementor-element-populated\">\n\t\t\t\t\t\t<div class=\"elementor-element elementor-element-5bfd886 elementor-widget elementor-widget-text-editor\" data-id=\"5bfd886\" data-element_type=\"widget\" data-widget_type=\"text-editor.default\">\n\t\t\t\t<div class=\"elementor-widget-container\">\n\t\t\t\t\t\t\t\t\t<h6><strong><span style=\"color: #000000;\">Inauguraci\u00f3n CAM 2023 &#8211;<\/span>D\u00eda 1<\/strong><\/h6>\t\t\t\t\t\t\t\t<\/div>\n\t\t\t\t<\/div>\n\t\t\t\t\t<\/div>\n\t\t<\/div>\n\t\t\t\t<div class=\"has_eae_slider elementor-column elementor-col-25 elementor-top-column elementor-element elementor-element-456bac6\" data-eae-slider=\"38388\" data-id=\"456bac6\" data-element_type=\"column\">\n\t\t\t<div class=\"elementor-widget-wrap elementor-element-populated\">\n\t\t\t\t\t\t<div class=\"elementor-element elementor-element-0a631f2 elementor-widget elementor-widget-text-editor\" data-id=\"0a631f2\" data-element_type=\"widget\" data-widget_type=\"text-editor.default\">\n\t\t\t\t<div class=\"elementor-widget-container\">\n\t\t\t\t\t\t\t\t\t<p><strong>CAM 2023 \u2013 D\u00eda 2 \u2013 Bloque 1<\/strong><\/p><ul><li><h6 class=\"eae-tl-item-title\">Conferencia Nuevas Inversiones Portuarias para el Transbordo de Contenedores<\/h6><\/li><li><h6 class=\"eae-tl-item-title\">Mesa de Debate: Estrategia Log\u00edstica Nacional 2030<\/h6><\/li><\/ul>\t\t\t\t\t\t\t\t<\/div>\n\t\t\t\t<\/div>\n\t\t\t\t\t<\/div>\n\t\t<\/div>\n\t\t\t\t<div class=\"has_eae_slider elementor-column elementor-col-25 elementor-top-column elementor-element elementor-element-26c81cb\" data-eae-slider=\"80903\" data-id=\"26c81cb\" data-element_type=\"column\">\n\t\t\t<div class=\"elementor-widget-wrap elementor-element-populated\">\n\t\t\t\t\t\t<div class=\"elementor-element elementor-element-61d6854 elementor-widget elementor-widget-text-editor\" data-id=\"61d6854\" data-element_type=\"widget\" data-widget_type=\"text-editor.default\">\n\t\t\t\t<div class=\"elementor-widget-container\">\n\t\t\t\t\t\t\t\t\t<p><strong>CAM 2023 \u2013 D\u00eda 2 \u2013 Bloque 2<\/strong><\/p><ul><li><h6 class=\"eae-tl-item-title\">Nuevas Regulaciones en Zonas Portuarias y Parques Log\u00edsticos<\/h6><\/li><li><h6 class=\"eae-tl-item-title\">Casos de \u00c9xito en la Plataforma Log\u00edstica de Panam\u00e1<\/h6><\/li><\/ul>\t\t\t\t\t\t\t\t<\/div>\n\t\t\t\t<\/div>\n\t\t\t\t\t<\/div>\n\t\t<\/div>\n\t\t\t\t<div class=\"has_eae_slider elementor-column elementor-col-25 elementor-top-column elementor-element elementor-element-a422f8d\" data-eae-slider=\"26241\" data-id=\"a422f8d\" data-element_type=\"column\">\n\t\t\t<div class=\"elementor-widget-wrap elementor-element-populated\">\n\t\t\t\t\t\t<div class=\"elementor-element elementor-element-04878b5 elementor-widget elementor-widget-text-editor\" data-id=\"04878b5\" data-element_type=\"widget\" data-widget_type=\"text-editor.default\">\n\t\t\t\t<div class=\"elementor-widget-container\">\n\t\t\t\t\t\t\t\t\t<p><strong>CAM 2023 \u2013 D\u00eda 2 \u2013 Bloque 3<\/strong><\/p><ul><li class=\"eae-tl-item-title\"><h6>Transici\u00f3n energ\u00e9tica y Combustibles Alternativos<\/h6><\/li><li class=\"eae-tl-item-title\"><h6>Panel alternative Fuels vs Bunker Fuel Oil<\/h6><\/li><li class=\"eae-tl-item-title\"><h6>Mejores pr\u00e1cticas: Manejo y cambio de tripulaci\u00f3n<\/h6><\/li><li class=\"eae-tl-item-title\"><h6>Descarbonizaci\u00f3n y el Impacto en los embarques<\/h6><\/li><li class=\"eae-tl-item-title\"><h6>RECONOCIMIENTO \u201cYO ME ATREV\u00cd\u201d<\/h6><\/li><\/ul>\t\t\t\t\t\t\t\t<\/div>\n\t\t\t\t<\/div>\n\t\t\t\t\t<\/div>\n\t\t<\/div>\n\t\t\t\t\t<\/div>\n\t\t<\/section>\n\t\t\t\t<section class=\"has_eae_slider elementor-section elementor-top-section elementor-element elementor-element-cd4e381 elementor-section-boxed elementor-section-height-default elementor-section-height-default\" data-eae-slider=\"54039\" data-id=\"cd4e381\" data-element_type=\"section\">\n\t\t\t\t\t\t<div class=\"elementor-container elementor-column-gap-default\">\n\t\t\t\t\t<div class=\"has_eae_slider elementor-column elementor-col-100 elementor-top-column elementor-element elementor-element-a3df023\" data-eae-slider=\"36334\" data-id=\"a3df023\" data-element_type=\"column\">\n\t\t\t<div class=\"elementor-widget-wrap elementor-element-populated\">\n\t\t\t\t\t\t<div class=\"elementor-element elementor-element-725c9f0 elementor-widget-divider--view-line elementor-widget elementor-widget-divider\" data-id=\"725c9f0\" data-element_type=\"widget\" data-widget_type=\"divider.default\">\n\t\t\t\t<div class=\"elementor-widget-container\">\n\t\t\t\t\t\t\t<div class=\"elementor-divider\">\n\t\t\t<span class=\"elementor-divider-separator\">\n\t\t\t\t\t\t<\/span>\n\t\t<\/div>\n\t\t\t\t\t\t<\/div>\n\t\t\t\t<\/div>\n\t\t\t\t<div class=\"elementor-element elementor-element-5914a2b elementor-widget elementor-widget-text-editor\" data-id=\"5914a2b\" data-element_type=\"widget\" data-widget_type=\"text-editor.default\">\n\t\t\t\t<div class=\"elementor-widget-container\">\n\t\t\t\t\t\t\t\t\t<h3><span style=\"color: #000080;\"><strong>Todas las presentaciones en PDF las puedes encontrar en la secci\u00f3n&nbsp; &nbsp; Biblioteca CMP<\/strong><\/span><\/h3>\t\t\t\t\t\t\t\t<\/div>\n\t\t\t\t<\/div>\n\t\t\t\t\t<\/div>\n\t\t<\/div>\n\t\t\t\t\t<\/div>\n\t\t<\/section>\n\t\t\t\t<section class=\"has_eae_slider elementor-section elementor-top-section elementor-element elementor-element-c607adb elementor-section-boxed elementor-section-height-default elementor-section-height-default\" data-eae-slider=\"27789\" data-id=\"c607adb\" data-element_type=\"section\">\n\t\t\t\t\t\t<div class=\"elementor-container elementor-column-gap-default\">\n\t\t\t\t\t<div class=\"has_eae_slider elementor-column elementor-col-100 elementor-top-column elementor-element elementor-element-e2e4393\" data-eae-slider=\"98317\" data-id=\"e2e4393\" data-element_type=\"column\">\n\t\t\t<div class=\"elementor-widget-wrap elementor-element-populated\">\n\t\t\t\t\t\t<div class=\"elementor-element elementor-element-100cf93 elementor-align-center elementor-widget elementor-widget-button\" data-id=\"100cf93\" data-element_type=\"widget\" data-widget_type=\"button.default\">\n\t\t\t\t<div class=\"elementor-widget-container\">\n\t\t\t\t\t\t\t\t\t<div class=\"elementor-button-wrapper\">\n\t\t\t\t\t<a class=\"elementor-button elementor-button-link elementor-size-xl\" href=\"https:\/\/camaramaritima.org.pa\/biblioteca-cmp\/\">\n\t\t\t\t\t\t<span class=\"elementor-button-content-wrapper\">\n\t\t\t\t\t\t<span class=\"elementor-button-icon\">\n\t\t\t\t<i aria-hidden=\"true\" class=\"fas fa-file-pdf\"><\/i>\t\t\t<\/span>\n\t\t\t\t\t\t\t\t\t<span class=\"elementor-button-text\">IR A BIBLIOTECA CMP<\/span>\n\t\t\t\t\t<\/span>\n\t\t\t\t\t<\/a>\n\t\t\t\t<\/div>\n\t\t\t\t\t\t\t\t<\/div>\n\t\t\t\t<\/div>\n\t\t\t\t\t<\/div>\n\t\t<\/div>\n\t\t\t\t\t<\/div>\n\t\t<\/section>\n\t\t\t\t<section class=\"has_eae_slider elementor-section elementor-top-section elementor-element elementor-element-d866270 elementor-section-boxed elementor-section-height-default elementor-section-height-default\" data-eae-slider=\"37486\" data-id=\"d866270\" data-element_type=\"section\">\n\t\t\t\t\t\t<div class=\"elementor-container elementor-column-gap-default\">\n\t\t\t\t\t<div class=\"has_eae_slider elementor-column elementor-col-100 elementor-top-column elementor-element elementor-element-42963a7\" data-eae-slider=\"30095\" data-id=\"42963a7\" data-element_type=\"column\">\n\t\t\t<div class=\"elementor-widget-wrap\">\n\t\t\t\t\t\t\t<\/div>\n\t\t<\/div>\n\t\t\t\t\t<\/div>\n\t\t<\/section>\n\t\t\t\t<\/div>\n\t\t<div class='epvc-post-count'><span class='epvc-eye'><\/span>  <span class=\"epvc-count\"> 659<\/span><\/div>","protected":false},"excerpt":{"rendered":"<p>Presentaciones CAM 2023 https:\/\/www.youtube.com\/watch?v=oNKN0v1Y6hc&#038;t=19shttps:\/\/www.youtube.com\/watch?v=NhGe3uwOD1khttps:\/\/www.youtube.com\/watch?v=qSKjaYKe40I&#038;t=156shttps:\/\/www.youtube.com\/watch?v=-sosE53hfMM Inauguraci\u00f3n CAM 2023 -D\u00eda 1 CAM 2023 \u2013 D\u00eda 2 \u2013 Bloque 1 Conferencia Nuevas Inversiones Portuarias para el Transbordo de Contenedores Mesa de Debate: Estrategia Log\u00edstica Nacional 2030 CAM 2023 \u2013 D\u00eda 2 \u2013 Bloque 2 Nuevas Regulaciones en Zonas Portuarias y Parques Log\u00edsticos Casos de \u00c9xito en la Plataforma [&hellip;]<\/p>","protected":false},"author":9,"featured_media":0,"parent":0,"menu_order":0,"comment_status":"closed","ping_status":"closed","template":"elementor_header_footer","meta":{"om_disable_all_campaigns":false,"_monsterinsights_skip_tracking":false,"_monsterinsights_sitenote_active":false,"_monsterinsights_sitenote_note":"","_monsterinsights_sitenote_category":0,"footnotes":""},"class_list":["post-2820","page","type-page","status-publish","hentry"],"aioseo_notices":[],"_links":{"self":[{"href":"https:\/\/cam.camaramaritima.org.pa\/en\/wp-json\/wp\/v2\/pages\/2820","targetHints":{"allow":["GET"]}}],"collection":[{"href":"https:\/\/cam.camaramaritima.org.pa\/en\/wp-json\/wp\/v2\/pages"}],"about":[{"href":"https:\/\/cam.camaramaritima.org.pa\/en\/wp-json\/wp\/v2\/types\/page"}],"author":[{"embeddable":true,"href":"https:\/\/cam.camaramaritima.org.pa\/en\/wp-json\/wp\/v2\/users\/9"}],"replies":[{"embeddable":true,"href":"https:\/\/cam.camaramaritima.org.pa\/en\/wp-json\/wp\/v2\/comments?post=2820"}],"version-history":[{"count":29,"href":"https:\/\/cam.camaramaritima.org.pa\/en\/wp-json\/wp\/v2\/pages\/2820\/revisions"}],"predecessor-version":[{"id":2853,"href":"https:\/\/cam.camaramaritima.org.pa\/en\/wp-json\/wp\/v2\/pages\/2820\/revisions\/2853"}],"wp:attachment":[{"href":"https:\/\/cam.camaramaritima.org.pa\/en\/wp-json\/wp\/v2\/media?parent=2820"}],"curies":[{"name":"wp","href":"https:\/\/api.w.org\/{rel}","templated":true}]}}